{"id":2,"date":"2024-07-03T13:41:33","date_gmt":"2024-07-03T11:41:33","guid":{"rendered":"https:\/\/lifestyle-coaching-tobler.ch\/wordpress\/?page_id=2"},"modified":"2026-01-04T14:11:33","modified_gmt":"2026-01-04T13:11:33","slug":"beispiel-seite","status":"publish","type":"page","link":"https:\/\/lifestyle-coaching-tobler.ch\/wordpress\/","title":{"rendered":"Lifestyle Coaching Tobler"},"content":{"rendered":"\n<h2 class=\"wp-block-heading\">Herzlich Willkommen bei Lifestyle Coaching Tobler \u2013 Dein Partner f\u00fcr einen gesunden Lebensstil<\/h2>\n\n\n\n<p>Mein Coaching-Programm ist darauf ausgerichtet, Dir dabei zu helfen, Deine k\u00f6rperliche und Deine mentale Gesundheit zu verbessern und langfristig zu pflegen. Denn ein gesunder Lebensstil ist die Grundlage f\u00fcr Wohlbefinden und Lebensfreude.<\/p>\n\n\n\n<h2 class=\"wp-block-heading\">Meine Mission<\/h2>\n\n\n\n<p>Meine Mission ist es, Menschen dabei zu unterst\u00fctzen, ihr volles Potenzial zu entfalten und ein erf\u00fclltes, gesundes Leben zu f\u00fchren. Mit massgeschneiderten Coaching-Programmen biete ich Dir die Werkzeuge und das Wissen, das Du ben\u00f6tigst, um nachhaltige Ver\u00e4nderungen in Deinem Leben zu erreichen.<\/p>\n\n\n\n<h2 class=\"wp-block-heading\">Meine Dienstleistungen<\/h2>\n\n\n\n<p>Ich helfe Dir dabei, Deine allt\u00e4gliche Ern\u00e4hrung ausgewogen und n\u00e4hrstoffreich zu gestalten und entwickle mit Dir zusammen Strategien, um mehr Bewegung und sportliche Aktivit\u00e4ten in Deinen Alltag zu integrieren.<br>Aufgrund meines positiven Wesens liebe ich den Austausch mit anderen Menschen und habe ein offenes Ohr f\u00fcr alles, was Dich besch\u00e4ftigt, bin f\u00fcr Dich da in schwierigen Zeiten und stehe Dir mit Rat und Tat zur Seite.<br>Zus\u00e4tzlich helfe ich Dir gerne beim Umgang mit Social Media sowie bei Marketing-Themen.<\/p>\n\n\n\n<p>Starte jetzt Deine Reise zu einem ges\u00fcnderen und gl\u00fccklicheren Leben mit meinem Lifestyle Coaching und kontaktiere mich noch heute f\u00fcr ein unverbindliches Erstgespr\u00e4ch!<\/p>\n\n\n\n<p>Ich freue mich darauf, Dich auf Deinem Weg zu einem ges\u00fcnderen Lebensstil zu begleiten!<\/p>\n\n\n<style id=\"wpforms-css-vars-24\">\n\t\t\t\t#wpforms-24 {\n\t\t\t\t\n\t\t\t}\n\t\t\t<\/style><div class=\"wpforms-container wpforms-container-full wpforms-render-modern\" id=\"wpforms-24\"><form id=\"wpforms-form-24\" class=\"wpforms-validate wpforms-form wpforms-ajax-form\" data-formid=\"24\" method=\"post\" enctype=\"multipart\/form-data\" action=\"\/wordpress\/wp-json\/wp\/v2\/pages\/2\" data-token=\"08cae10cb9a4613f3ffcbbce980f2a99\" data-token-time=\"1777892458\"><noscript class=\"wpforms-error-noscript\">Bitte aktivieren Sie JavaScript in Ihrem Browser, um dieses Formular fertigzustellen.<\/noscript><div id=\"wpforms-error-noscript\" style=\"display: none;\">Bitte aktivieren Sie JavaScript in Ihrem Browser, um dieses Formular fertigzustellen.<\/div><div class=\"wpforms-field-container\"><div id=\"wpforms-24-field_0-container\" class=\"wpforms-field wpforms-field-name\" data-field-id=\"0\"><fieldset><legend class=\"wpforms-field-label\">Name <span class=\"wpforms-required-label\" aria-hidden=\"true\">*<\/span><\/legend><div class=\"wpforms-field-row wpforms-field-medium\"><div class=\"wpforms-field-row-block wpforms-first wpforms-one-half\"><input type=\"text\" id=\"wpforms-24-field_0\" class=\"wpforms-field-name-first wpforms-field-required\" name=\"wpforms[fields][0][first]\" aria-errormessage=\"wpforms-24-field_0-error\" required><label for=\"wpforms-24-field_0\" class=\"wpforms-field-sublabel after\">Vorname<\/label><\/div><div class=\"wpforms-field-row-block wpforms-one-half\"><input type=\"text\" id=\"wpforms-24-field_0-last\" class=\"wpforms-field-name-last wpforms-field-required\" name=\"wpforms[fields][0][last]\" aria-errormessage=\"wpforms-24-field_0-last-error\" required><label for=\"wpforms-24-field_0-last\" class=\"wpforms-field-sublabel after\">Nachname<\/label><\/div><\/div><\/fieldset><\/div><div id=\"wpforms-24-field_1-container\" class=\"wpforms-field wpforms-field-email\" data-field-id=\"1\"><label class=\"wpforms-field-label\" for=\"wpforms-24-field_1\">E-Mail <span class=\"wpforms-required-label\" aria-hidden=\"true\">*<\/span><\/label><input type=\"email\" id=\"wpforms-24-field_1\" class=\"wpforms-field-medium wpforms-field-required\" name=\"wpforms[fields][1]\" spellcheck=\"false\" aria-errormessage=\"wpforms-24-field_1-error\" required><\/div><div id=\"wpforms-24-field_2-container\" class=\"wpforms-field wpforms-field-textarea\" data-field-id=\"2\"><label class=\"wpforms-field-label\" for=\"wpforms-24-field_2\">Deine Nachricht<\/label><textarea id=\"wpforms-24-field_2\" class=\"wpforms-field-medium\" name=\"wpforms[fields][2]\" aria-errormessage=\"wpforms-24-field_2-error\" ><\/textarea><\/div><\/div><!-- .wpforms-field-container --><div class=\"wpforms-recaptcha-container wpforms-is-recaptcha wpforms-is-recaptcha-type-v3\" ><input type=\"hidden\" name=\"wpforms[recaptcha]\" value=\"\"><\/div><div class=\"wpforms-submit-container\" ><input type=\"hidden\" name=\"wpforms[id]\" value=\"24\"><input type=\"hidden\" name=\"page_title\" value=\"\"><input type=\"hidden\" name=\"page_url\" value=\"https:\/\/lifestyle-coaching-tobler.ch\/wordpress\/wp-json\/wp\/v2\/pages\/2\"><input type=\"hidden\" name=\"url_referer\" value=\"\"><button type=\"submit\" name=\"wpforms[submit]\" id=\"wpforms-submit-24\" class=\"wpforms-submit\" data-alt-text=\"Senden\u2026\" data-submit-text=\"Absenden\" aria-live=\"assertive\" value=\"wpforms-submit\">Absenden<\/button><img loading=\"lazy\" decoding=\"async\" src=\"https:\/\/lifestyle-coaching-tobler.ch\/wordpress\/wp-content\/plugins\/wpforms-lite\/assets\/images\/submit-spin.svg\" class=\"wpforms-submit-spinner\" style=\"display: none;\" width=\"26\" height=\"26\" alt=\"Wird geladen\"><\/div><\/form><\/div>  <!-- .wpforms-container -->","protected":false},"excerpt":{"rendered":"<p>Herzlich Willkommen bei Lifestyle Coaching Tobler \u2013 Dein Partner f\u00fcr einen gesunden Lebensstil Mein Coaching-Programm ist darauf ausgerichtet, Dir dabei zu helfen, Deine k\u00f6rperliche und Deine mentale Gesundheit zu verbessern und langfristig zu pflegen. Denn ein gesunder Lebensstil ist die Grundlage f\u00fcr Wohlbefinden und Lebensfreude. Meine Mission Meine Mission ist es, Menschen dabei zu unterst\u00fctzen, &hellip; <a href=\"https:\/\/lifestyle-coaching-tobler.ch\/wordpress\/\" class=\"more-link\">Continue reading <span class=\"screen-reader-text\">Lifestyle Coaching Tobler<\/span><\/a><\/p>\n","protected":false},"author":1,"featured_media":0,"parent":0,"menu_order":0,"comment_status":"closed","ping_status":"open","template":"","meta":{"footnotes":""},"class_list":["post-2","page","type-page","status-publish","hentry"],"_links":{"self":[{"href":"https:\/\/lifestyle-coaching-tobler.ch\/wordpress\/wp-json\/wp\/v2\/pages\/2","targetHints":{"allow":["GET"]}}],"collection":[{"href":"https:\/\/lifestyle-coaching-tobler.ch\/wordpress\/wp-json\/wp\/v2\/pages"}],"about":[{"href":"https:\/\/lifestyle-coaching-tobler.ch\/wordpress\/wp-json\/wp\/v2\/types\/page"}],"author":[{"embeddable":true,"href":"https:\/\/lifestyle-coaching-tobler.ch\/wordpress\/wp-json\/wp\/v2\/users\/1"}],"replies":[{"embeddable":true,"href":"https:\/\/lifestyle-coaching-tobler.ch\/wordpress\/wp-json\/wp\/v2\/comments?post=2"}],"version-history":[{"count":7,"href":"https:\/\/lifestyle-coaching-tobler.ch\/wordpress\/wp-json\/wp\/v2\/pages\/2\/revisions"}],"predecessor-version":[{"id":38,"href":"https:\/\/lifestyle-coaching-tobler.ch\/wordpress\/wp-json\/wp\/v2\/pages\/2\/revisions\/38"}],"wp:attachment":[{"href":"https:\/\/lifestyle-coaching-tobler.ch\/wordpress\/wp-json\/wp\/v2\/media?parent=2"}],"curies":[{"name":"wp","href":"https:\/\/api.w.org\/{rel}","templated":true}]}}